{"id":161,"date":"2023-08-07T17:50:19","date_gmt":"2023-08-07T15:50:19","guid":{"rendered":"https:\/\/dk-photographies.com\/?page_id=161"},"modified":"2023-09-02T19:56:48","modified_gmt":"2023-09-02T17:56:48","slug":"accueil","status":"publish","type":"page","link":"https:\/\/dk-photographies.com\/","title":{"rendered":"Dinesh Khoosy"},"content":{"rendered":"\t\t<div data-elementor-type=\"wp-page\" data-elementor-id=\"161\" class=\"elementor elementor-161\">\n\t\t\t\t\t\t<section class=\"elementor-section elementor-top-section elementor-element elementor-element-1a2e1f4 elementor-section-boxed elementor-section-height-default elementor-section-height-default\" data-id=\"1a2e1f4\" data-element_type=\"section\" data-e-type=\"section\">\n\t\t\t\t\t\t<div class=\"elementor-container elementor-column-gap-default\">\n\t\t\t\t\t<div class=\"elementor-column elementor-col-100 elementor-top-column elementor-element elementor-element-151ce9f elementor-invisible\" data-id=\"151ce9f\" data-element_type=\"column\" data-e-type=\"column\" data-settings=\"{&quot;animation&quot;:&quot;fadeIn&quot;}\">\n\t\t\t<div class=\"elementor-widget-wrap elementor-element-populated\">\n\t\t\t\t\t\t<div class=\"elementor-element elementor-element-2ced2e6 elementor-widget__width-auto e-transform elementor-widget elementor-widget-yprm_gallery\" data-id=\"2ced2e6\" data-element_type=\"widget\" data-e-type=\"widget\" data-settings=\"{&quot;gallery_layout&quot;:&quot;slider&quot;,&quot;popup_mode_title&quot;:&quot;yes&quot;,&quot;_transform_scale_effect&quot;:{&quot;unit&quot;:&quot;px&quot;,&quot;size&quot;:0.8,&quot;sizes&quot;:[]},&quot;slider_thumbs&quot;:&quot;yes&quot;,&quot;_transform_scale_effect_tablet&quot;:{&quot;unit&quot;:&quot;px&quot;,&quot;size&quot;:&quot;&quot;,&quot;sizes&quot;:[]},&quot;_transform_scale_effect_mobile&quot;:{&quot;unit&quot;:&quot;px&quot;,&quot;size&quot;:&quot;&quot;,&quot;sizes&quot;:[]}}\" data-widget_type=\"yprm_gallery.default\">\n\t\t\t\t<div class=\"elementor-widget-container\">\n\t\t\t\t\t<div data-portfolio-settings=\"{&quot;loop&quot;:true,&quot;autoplay&quot;:true,&quot;arrows&quot;:true,&quot;mousewheel&quot;:true,&quot;autoplay_speed&quot;:5000,&quot;speed&quot;:300,&quot;gallery_layout&quot;:&quot;slider&quot;,&quot;slider_thumbs&quot;:&quot;yes&quot;}\" id=\"project-slider-69e1c5e772170\" class=\"project-slider-block elementor-block gallery-block\">\n<div class=\"slider swiper-container\">\n<div class=\"swiper-wrapper\">\n<div class=\"swiper-slide full-height\">\n<img fetchpriority=\"high\" decoding=\"async\" width=\"1654\" height=\"1654\" src=\"https:\/\/dk-photographies.com\/wp-content\/uploads\/2023\/08\/Portra-400-057-14-14.jpg\" class=\"attachment-large size-large\" alt=\"\" \/><\/div>\n<div class=\"swiper-slide full-height\">\n<img decoding=\"async\" width=\"1654\" height=\"1654\" src=\"https:\/\/dk-photographies.com\/wp-content\/uploads\/2023\/08\/Portra-400-055-14-14.jpg\" class=\"attachment-large size-large\" alt=\"\" \/><\/div>\n<div class=\"swiper-slide full-height\">\n<img decoding=\"async\" width=\"1654\" height=\"1654\" src=\"https:\/\/dk-photographies.com\/wp-content\/uploads\/2023\/08\/Ektar-100-024-14-14.jpg\" class=\"attachment-large size-large\" alt=\"\" \/><\/div>\n<div class=\"swiper-slide full-height\">\n<img loading=\"lazy\" decoding=\"async\" width=\"3000\" height=\"3000\" src=\"https:\/\/dk-photographies.com\/wp-content\/uploads\/2023\/08\/Ektar-100-011-Velo-50-50-3000x3000.jpg\" class=\"attachment-large size-large\" alt=\"\" \/><\/div>\n<div class=\"swiper-slide full-height\">\n<img loading=\"lazy\" decoding=\"async\" width=\"1654\" height=\"1654\" src=\"https:\/\/dk-photographies.com\/wp-content\/uploads\/2023\/08\/Bruxelles-2018-Ektar-100-001-14.jpg\" class=\"attachment-large size-large\" alt=\"\" \/><\/div>\n<div class=\"swiper-slide full-height\">\n<img loading=\"lazy\" decoding=\"async\" width=\"2362\" height=\"2362\" src=\"https:\/\/dk-photographies.com\/wp-content\/uploads\/2023\/08\/DK-Bratislava-Elektrica.jpg\" class=\"attachment-large size-large\" alt=\"\" \/><\/div>\n<div class=\"swiper-slide full-height\">\n<img loading=\"lazy\" decoding=\"async\" width=\"2335\" height=\"2362\" src=\"https:\/\/dk-photographies.com\/wp-content\/uploads\/2023\/08\/DK-Bratislava-Saxo.jpg\" class=\"attachment-large size-large\" alt=\"\" \/><\/div>\n<div class=\"swiper-slide full-height\">\n<img loading=\"lazy\" decoding=\"async\" width=\"2362\" height=\"2362\" src=\"https:\/\/dk-photographies.com\/wp-content\/uploads\/2023\/08\/DK-Bruxelles-City.jpg\" class=\"attachment-large size-large\" alt=\"\" \/><\/div>\n<div class=\"swiper-slide full-height\">\n<img loading=\"lazy\" decoding=\"async\" width=\"2362\" height=\"2362\" src=\"https:\/\/dk-photographies.com\/wp-content\/uploads\/2023\/08\/DK-Bruxelles-Rotonde.jpg\" class=\"attachment-large size-large\" alt=\"\" \/><\/div>\n<div class=\"swiper-slide full-height\">\n<img loading=\"lazy\" decoding=\"async\" width=\"2362\" height=\"2362\" src=\"https:\/\/dk-photographies.com\/wp-content\/uploads\/2023\/08\/DK-Praha-Chobda.jpg\" class=\"attachment-large size-large\" alt=\"\" \/><\/div>\n<div class=\"swiper-slide full-height\">\n<img loading=\"lazy\" decoding=\"async\" width=\"2362\" height=\"2362\" src=\"https:\/\/dk-photographies.com\/wp-content\/uploads\/2023\/08\/DK-Praha-Poulicni.jpg\" class=\"attachment-large size-large\" alt=\"\" \/><\/div>\n<div class=\"swiper-slide full-height\">\n<img loading=\"lazy\" decoding=\"async\" width=\"1654\" height=\"1654\" src=\"https:\/\/dk-photographies.com\/wp-content\/uploads\/2023\/08\/40x40-Ektar-100-010-14-.jpg\" class=\"attachment-large size-large\" alt=\"\" \/><\/div>\n<div class=\"swiper-slide full-height\">\n<img loading=\"lazy\" decoding=\"async\" width=\"1000\" height=\"1000\" src=\"https:\/\/dk-photographies.com\/wp-content\/uploads\/2023\/08\/40x40-12-Praha-Schodiste-14-14-Copier.jpg\" class=\"attachment-large size-large\" alt=\"\" \/><\/div>\n<div class=\"swiper-slide full-height\">\n<img loading=\"lazy\" decoding=\"async\" width=\"1654\" height=\"1654\" src=\"https:\/\/dk-photographies.com\/wp-content\/uploads\/2023\/08\/20x20-03-Praha-Petrin-14-.jpg\" class=\"attachment-large size-large\" alt=\"\" \/><\/div>\n<div class=\"swiper-slide full-height\">\n<img loading=\"lazy\" decoding=\"async\" width=\"3000\" height=\"3000\" src=\"https:\/\/dk-photographies.com\/wp-content\/uploads\/2023\/08\/08-Europa-Project-2021-40-40-3000x3000.jpg\" class=\"attachment-large size-large\" alt=\"\" \/><\/div>\n<div class=\"swiper-slide full-height\">\n<img loading=\"lazy\" decoding=\"async\" width=\"1654\" height=\"1654\" src=\"https:\/\/dk-photographies.com\/wp-content\/uploads\/2023\/08\/04-Praha-Skryty-14-.jpg\" class=\"attachment-large size-large\" alt=\"\" \/><\/div>\n<div class=\"swiper-slide full-height\">\n<img loading=\"lazy\" decoding=\"async\" width=\"3000\" height=\"3000\" src=\"https:\/\/dk-photographies.com\/wp-content\/uploads\/2023\/08\/02-Praha-Nebozizek-3000x3000.jpg\" class=\"attachment-large size-large\" alt=\"\" \/><\/div>\n<div class=\"swiper-slide full-height\">\n<img loading=\"lazy\" decoding=\"async\" width=\"2362\" height=\"2362\" src=\"https:\/\/dk-photographies.com\/wp-content\/uploads\/2023\/08\/DK-Wien-Passage.jpg\" class=\"attachment-large size-large\" alt=\"\" \/><\/div>\n<\/div>\n<\/div>\n        <div class=\"thumbs swiper-container\">\n            <div class=\"prev ionicons-chevron-back-outline\"><\/div>\n            <div class=\"next ionicons-chevron-forward-outline\"><\/div>\n            <div class=\"swiper-wrapper\">\n                                    <div class=\"swiper-slide\" style=\"background-image: url(https:\/\/dk-photographies.com\/wp-content\/uploads\/2023\/08\/Portra-400-057-14-14.jpg);\"><\/div>\n                                    <div class=\"swiper-slide\" style=\"background-image: url(https:\/\/dk-photographies.com\/wp-content\/uploads\/2023\/08\/Portra-400-055-14-14.jpg);\"><\/div>\n                                    <div class=\"swiper-slide\" style=\"background-image: url(https:\/\/dk-photographies.com\/wp-content\/uploads\/2023\/08\/Ektar-100-024-14-14.jpg);\"><\/div>\n                                    <div class=\"swiper-slide\" style=\"background-image: url(https:\/\/dk-photographies.com\/wp-content\/uploads\/2023\/08\/Ektar-100-011-Velo-50-50.jpg);\"><\/div>\n                                    <div class=\"swiper-slide\" style=\"background-image: url(https:\/\/dk-photographies.com\/wp-content\/uploads\/2023\/08\/Bruxelles-2018-Ektar-100-001-14.jpg);\"><\/div>\n                                    <div class=\"swiper-slide\" style=\"background-image: url(https:\/\/dk-photographies.com\/wp-content\/uploads\/2023\/08\/DK-Bratislava-Elektrica.jpg);\"><\/div>\n                                    <div class=\"swiper-slide\" style=\"background-image: url(https:\/\/dk-photographies.com\/wp-content\/uploads\/2023\/08\/DK-Bratislava-Saxo.jpg);\"><\/div>\n                                    <div class=\"swiper-slide\" style=\"background-image: url(https:\/\/dk-photographies.com\/wp-content\/uploads\/2023\/08\/DK-Bruxelles-City.jpg);\"><\/div>\n                                    <div class=\"swiper-slide\" style=\"background-image: url(https:\/\/dk-photographies.com\/wp-content\/uploads\/2023\/08\/DK-Bruxelles-Rotonde.jpg);\"><\/div>\n                                    <div class=\"swiper-slide\" style=\"background-image: url(https:\/\/dk-photographies.com\/wp-content\/uploads\/2023\/08\/DK-Praha-Chobda.jpg);\"><\/div>\n                                    <div class=\"swiper-slide\" style=\"background-image: url(https:\/\/dk-photographies.com\/wp-content\/uploads\/2023\/08\/DK-Praha-Poulicni.jpg);\"><\/div>\n                                    <div class=\"swiper-slide\" style=\"background-image: url(https:\/\/dk-photographies.com\/wp-content\/uploads\/2023\/08\/40x40-Ektar-100-010-14-.jpg);\"><\/div>\n                                    <div class=\"swiper-slide\" style=\"background-image: url(https:\/\/dk-photographies.com\/wp-content\/uploads\/2023\/08\/40x40-12-Praha-Schodiste-14-14-Copier.jpg);\"><\/div>\n                                    <div class=\"swiper-slide\" style=\"background-image: url(https:\/\/dk-photographies.com\/wp-content\/uploads\/2023\/08\/20x20-03-Praha-Petrin-14-.jpg);\"><\/div>\n                                    <div class=\"swiper-slide\" style=\"background-image: url(https:\/\/dk-photographies.com\/wp-content\/uploads\/2023\/08\/08-Europa-Project-2021-40-40.jpg);\"><\/div>\n                                    <div class=\"swiper-slide\" style=\"background-image: url(https:\/\/dk-photographies.com\/wp-content\/uploads\/2023\/08\/04-Praha-Skryty-14-.jpg);\"><\/div>\n                                    <div class=\"swiper-slide\" style=\"background-image: url(https:\/\/dk-photographies.com\/wp-content\/uploads\/2023\/08\/02-Praha-Nebozizek.jpg);\"><\/div>\n                                    <div class=\"swiper-slide\" style=\"background-image: url(https:\/\/dk-photographies.com\/wp-content\/uploads\/2023\/08\/DK-Wien-Passage.jpg);\"><\/div>\n                            <\/div>\n        <\/div>\n        <\/div>\n\t\t\t\t<\/div>\n\t\t\t\t<\/div>\n\t\t\t\t\t<\/div>\n\t\t<\/div>\n\t\t\t\t\t<\/div>\n\t\t<\/section>\n\t\t\t\t<section class=\"elementor-section elementor-top-section elementor-element elementor-element-dbb1e91 elementor-section-boxed elementor-section-height-default elementor-section-height-default\" data-id=\"dbb1e91\" data-element_type=\"section\" data-e-type=\"section\">\n\t\t\t\t\t\t<div class=\"elementor-container elementor-column-gap-default\">\n\t\t\t\t\t<div class=\"elementor-column elementor-col-100 elementor-top-column elementor-element elementor-element-53f282a\" data-id=\"53f282a\" data-element_type=\"column\" data-e-type=\"column\">\n\t\t\t<div class=\"elementor-widget-wrap elementor-element-populated\">\n\t\t\t\t\t\t<div class=\"elementor-element elementor-element-012e74a elementor-widget elementor-widget-heading\" data-id=\"012e74a\" data-element_type=\"widget\" data-e-type=\"widget\" data-widget_type=\"heading.default\">\n\t\t\t\t<div class=\"elementor-widget-container\">\n\t\t\t\t\t<h2 class=\"elementor-heading-title elementor-size-default\">Europa<\/h2>\t\t\t\t<\/div>\n\t\t\t\t<\/div>\n\t\t\t\t\t<\/div>\n\t\t<\/div>\n\t\t\t\t\t<\/div>\n\t\t<\/section>\n\t\t\t\t<section class=\"elementor-section elementor-top-section elementor-element elementor-element-7204a20 elementor-section-boxed elementor-section-height-default elementor-section-height-default\" data-id=\"7204a20\" data-element_type=\"section\" data-e-type=\"section\">\n\t\t\t\t\t\t<div class=\"elementor-container elementor-column-gap-default\">\n\t\t\t\t\t<div class=\"elementor-column elementor-col-100 elementor-top-column elementor-element elementor-element-c4cfbea\" data-id=\"c4cfbea\" data-element_type=\"column\" data-e-type=\"column\">\n\t\t\t<div class=\"elementor-widget-wrap elementor-element-populated\">\n\t\t\t\t\t\t<div class=\"elementor-element elementor-element-2ef9e4f elementor-widget elementor-widget-text-editor\" data-id=\"2ef9e4f\" data-element_type=\"widget\" data-e-type=\"widget\" data-widget_type=\"text-editor.default\">\n\t\t\t\t<div class=\"elementor-widget-container\">\n\t\t\t\t\t\t\t\t\t<p><span style=\"color: #999999; font-family: helvetica, arial, sans-serif;\">Prague, Bruxelles, Vienne et Bratislava ont un point commun majeur : elles sont fondamentalement europ\u00e9ennes.<\/span><\/p>\n<p><span style=\"color: #999999; font-family: helvetica, arial, sans-serif;\">L\u2019esprit de chaque ville transpara\u00eet dans leur singularit\u00e9. Les d\u00e9ambulations dans ces rues ont permis de mettre en lumi\u00e8re des sp\u00e9cificit\u00e9s propres \u00e0 chacune et \u00e9galement des diff\u00e9rences qui leur permettent d\u2019\u00eatre uniques.<\/span><\/p>\n<p><span style=\"color: #999999; font-family: helvetica, arial, sans-serif;\">Le nom \u00ab Europa \u00bb tient du nom d\u2019une capitale hypoth\u00e9tique europ\u00e9enne, centre des gloires pass\u00e9es, du pouvoir actuel et berceau de l\u2019histoire de demain.<\/span><\/p>\n<p><span style=\"color: #000000; font-family: helvetica, arial, sans-serif;\">Cette s\u00e9rie \u00e9voque une balade paisible, au gr\u00e9 des ambiances, des sons, des lumi\u00e8res, dans une sorte de t\u00e9moignage d\u2019un voyage au travers des villes et du temps.<\/span><\/p>\t\t\t\t\t\t\t\t<\/div>\n\t\t\t\t<\/div>\n\t\t\t\t\t<\/div>\n\t\t<\/div>\n\t\t\t\t\t<\/div>\n\t\t<\/section>\n\t\t\t\t<\/div>\n\t\t","protected":false},"excerpt":{"rendered":"<p>Europa Prague, Bruxelles, Vienne et Bratislava ont un point commun majeur : elles sont fondamentalement europ\u00e9ennes. L\u2019esprit de chaque ville transpara\u00eet dans leur singularit\u00e9. Les d\u00e9ambulations dans ces rues ont permis de mettre en lumi\u00e8re des sp\u00e9cificit\u00e9s propres \u00e0 chacune et \u00e9galement des diff\u00e9rences qui leur permettent d\u2019\u00eatre uniques. Le nom \u00ab Europa \u00bb tient [&hellip;]<\/p>\n","protected":false},"author":1,"featured_media":71,"parent":0,"menu_order":0,"comment_status":"closed","ping_status":"closed","template":"","meta":{"_acf_changed":false,"footnotes":""},"class_list":["post-161","page","type-page","status-publish","has-post-thumbnail","hentry"],"acf":[],"_links":{"self":[{"href":"https:\/\/dk-photographies.com\/index.php\/wp-json\/wp\/v2\/pages\/161","targetHints":{"allow":["GET"]}}],"collection":[{"href":"https:\/\/dk-photographies.com\/index.php\/wp-json\/wp\/v2\/pages"}],"about":[{"href":"https:\/\/dk-photographies.com\/index.php\/wp-json\/wp\/v2\/types\/page"}],"author":[{"embeddable":true,"href":"https:\/\/dk-photographies.com\/index.php\/wp-json\/wp\/v2\/users\/1"}],"replies":[{"embeddable":true,"href":"https:\/\/dk-photographies.com\/index.php\/wp-json\/wp\/v2\/comments?post=161"}],"version-history":[{"count":61,"href":"https:\/\/dk-photographies.com\/index.php\/wp-json\/wp\/v2\/pages\/161\/revisions"}],"predecessor-version":[{"id":248,"href":"https:\/\/dk-photographies.com\/index.php\/wp-json\/wp\/v2\/pages\/161\/revisions\/248"}],"wp:featuredmedia":[{"embeddable":true,"href":"https:\/\/dk-photographies.com\/index.php\/wp-json\/wp\/v2\/media\/71"}],"wp:attachment":[{"href":"https:\/\/dk-photographies.com\/index.php\/wp-json\/wp\/v2\/media?parent=161"}],"curies":[{"name":"wp","href":"https:\/\/api.w.org\/{rel}","templated":true}]}}